{"id":24,"date":"2023-09-06T17:58:18","date_gmt":"2023-09-06T15:58:18","guid":{"rendered":"http:\/\/bodegascozar.es\/?page_id=24"},"modified":"2024-06-10T13:20:49","modified_gmt":"2024-06-10T11:20:49","slug":"contacto","status":"publish","type":"page","link":"https:\/\/bodegascozar.es\/?page_id=24","title":{"rendered":"Contacto"},"content":{"rendered":"\n<p>\u00bfQuieres decirnos algo? Aqu\u00ed tienes c\u00f3mo<\/p>\n\n\n\n<div class=\"wp-block-group is-content-justification-space-between is-nowrap is-layout-flex wp-container-4 wp-block-group-is-layout-flex\">\n<div class=\"wp-block-columns are-vertically-aligned-center is-layout-flex wp-container-2 wp-block-columns-is-layout-flex\">\n<div class=\"wp-block-column is-vertically-aligned-center is-layout-flow wp-block-column-is-layout-flow\" style=\"flex-basis:100%\">\n<iframe src=\"https:\/\/www.google.com\/maps\/embed?pb=!1m18!1m12!1m3!1d6389.9531491175485!2d-5.146082485869173!3d36.79511204434285!2m3!1f0!2f0!3f0!3m2!1i1024!2i768!4f13.1!3m3!1m2!1s0xd0d342bc1d183c5%3A0xc4d297174e10dd5d!2s29350%20Arriate%2C%20M%C3%A1laga!5e0!3m2!1ses!2ses!4v1694442785835!5m2!1ses!2ses\" width=\"600\" height=\"450\" style=\"border:0;\" allowfullscreen=\"\" loading=\"lazy\" referrerpolicy=\"no-referrer-when-downgrade\"><\/iframe>\n<\/div>\n<\/div>\n\n\n\n<div class=\"wp-block-group is-vertical is-layout-flex wp-container-3 wp-block-group-is-layout-flex\">\n<p><strong>Direcci\u00f3n<\/strong><br>Apartado Correos, 3. Arriate (Malaga)<\/p>\n\n\n\n<p><strong>Email<\/strong><\/p>\n\n\n\n<p>cozar1837@gmail.com<\/p>\n\n\n\n<p>info@bodegascozar.es<\/p>\n\n\n\n<p><strong>Tel\u00e9fono<\/strong><br>666.644.450<\/p>\n<\/div>\n<\/div>\n","protected":false},"excerpt":{"rendered":"<p>\u00bfQuieres decirnos algo? Aqu\u00ed tienes c\u00f3mo Direcci\u00f3nApartado Correos, 3. Arriate (Malaga) Email cozar1837@gmail.com info@bodegascozar.es Tel\u00e9fono666.644.450<\/p>\n","protected":false},"author":1,"featured_media":57,"parent":0,"menu_order":0,"comment_status":"closed","ping_status":"closed","template":"","meta":{"footnotes":""},"yoast_head":"<!-- This site is optimized with the Yoast SEO plugin v22.6 - https:\/\/yoast.com\/wordpress\/plugins\/seo\/ -->\n<title>Contacto - Bodegas C\u00f3zar<\/title>\n<meta name=\"description\" content=\"\u00bfTienes preguntas o necesitas m\u00e1s informaci\u00f3n sobre nuestros vinos? Estamos aqu\u00ed para ayudarte y compartir nuestra pasi\u00f3n por el vino.\" \/>\n<meta name=\"robots\" content=\"index, follow, max-snippet:-1, max-image-preview:large, max-video-preview:-1\" \/>\n<link rel=\"canonical\" href=\"https:\/\/bodegascozar.es\/?page_id=24\" \/>\n<meta property=\"og:locale\" content=\"es_ES\" \/>\n<meta property=\"og:type\" content=\"article\" \/>\n<meta property=\"og:title\" content=\"Contacto - Bodegas C\u00f3zar\" \/>\n<meta property=\"og:description\" content=\"\u00bfTienes preguntas o necesitas m\u00e1s informaci\u00f3n sobre nuestros vinos? Estamos aqu\u00ed para ayudarte y compartir nuestra pasi\u00f3n por el vino.\" \/>\n<meta property=\"og:url\" content=\"https:\/\/bodegascozar.es\/?page_id=24\" \/>\n<meta property=\"og:site_name\" content=\"Bodegas C\u00f3zar\" \/>\n<meta property=\"article:publisher\" content=\"https:\/\/www.facebook.com\/profile.php?id=100057086575341\" \/>\n<meta property=\"article:modified_time\" content=\"2024-06-10T11:20:49+00:00\" \/>\n<meta property=\"og:image\" content=\"http:\/\/bodegascozar.es\/wp-content\/uploads\/2023\/09\/vinedo3.jpg\" \/>\n\t<meta property=\"og:image:width\" content=\"1248\" \/>\n\t<meta property=\"og:image:height\" content=\"770\" \/>\n\t<meta property=\"og:image:type\" content=\"image\/jpeg\" \/>\n<meta name=\"twitter:card\" content=\"summary_large_image\" \/>\n<meta name=\"twitter:label1\" content=\"Tiempo de lectura\" \/>\n\t<meta name=\"twitter:data1\" content=\"1 minuto\" \/>\n<script type=\"application\/ld+json\" class=\"yoast-schema-graph\">{\"@context\":\"https:\/\/schema.org\",\"@graph\":[{\"@type\":\"WebPage\",\"@id\":\"https:\/\/bodegascozar.es\/?page_id=24\",\"url\":\"https:\/\/bodegascozar.es\/?page_id=24\",\"name\":\"Contacto - Bodegas C\u00f3zar\",\"isPartOf\":{\"@id\":\"https:\/\/bodegascozar.es\/#website\"},\"primaryImageOfPage\":{\"@id\":\"https:\/\/bodegascozar.es\/?page_id=24#primaryimage\"},\"image\":{\"@id\":\"https:\/\/bodegascozar.es\/?page_id=24#primaryimage\"},\"thumbnailUrl\":\"https:\/\/bodegascozar.es\/wp-content\/uploads\/2023\/09\/vinedo3.jpg\",\"datePublished\":\"2023-09-06T15:58:18+00:00\",\"dateModified\":\"2024-06-10T11:20:49+00:00\",\"description\":\"\u00bfTienes preguntas o necesitas m\u00e1s informaci\u00f3n sobre nuestros vinos? Estamos aqu\u00ed para ayudarte y compartir nuestra pasi\u00f3n por el vino.\",\"breadcrumb\":{\"@id\":\"https:\/\/bodegascozar.es\/?page_id=24#breadcrumb\"},\"inLanguage\":\"es\",\"potentialAction\":[{\"@type\":\"ReadAction\",\"target\":[\"https:\/\/bodegascozar.es\/?page_id=24\"]}]},{\"@type\":\"ImageObject\",\"inLanguage\":\"es\",\"@id\":\"https:\/\/bodegascozar.es\/?page_id=24#primaryimage\",\"url\":\"https:\/\/bodegascozar.es\/wp-content\/uploads\/2023\/09\/vinedo3.jpg\",\"contentUrl\":\"https:\/\/bodegascozar.es\/wp-content\/uploads\/2023\/09\/vinedo3.jpg\",\"width\":1248,\"height\":770},{\"@type\":\"BreadcrumbList\",\"@id\":\"https:\/\/bodegascozar.es\/?page_id=24#breadcrumb\",\"itemListElement\":[{\"@type\":\"ListItem\",\"position\":1,\"name\":\"Portada\",\"item\":\"https:\/\/bodegascozar.es\/\"},{\"@type\":\"ListItem\",\"position\":2,\"name\":\"Contacto\"}]},{\"@type\":\"WebSite\",\"@id\":\"https:\/\/bodegascozar.es\/#website\",\"url\":\"https:\/\/bodegascozar.es\/\",\"name\":\"Bodegas C\u00f3zar\",\"description\":\"\",\"publisher\":{\"@id\":\"https:\/\/bodegascozar.es\/#organization\"},\"potentialAction\":[{\"@type\":\"SearchAction\",\"target\":{\"@type\":\"EntryPoint\",\"urlTemplate\":\"https:\/\/bodegascozar.es\/?s={search_term_string}\"},\"query-input\":\"required name=search_term_string\"}],\"inLanguage\":\"es\"},{\"@type\":\"Organization\",\"@id\":\"https:\/\/bodegascozar.es\/#organization\",\"name\":\"Bodegas C\u00f3zar\",\"url\":\"https:\/\/bodegascozar.es\/\",\"logo\":{\"@type\":\"ImageObject\",\"inLanguage\":\"es\",\"@id\":\"https:\/\/bodegascozar.es\/#\/schema\/logo\/image\/\",\"url\":\"https:\/\/bodegascozar.es\/wp-content\/uploads\/2023\/09\/cropped-logo1_2.png\",\"contentUrl\":\"https:\/\/bodegascozar.es\/wp-content\/uploads\/2023\/09\/cropped-logo1_2.png\",\"width\":218,\"height\":100,\"caption\":\"Bodegas C\u00f3zar\"},\"image\":{\"@id\":\"https:\/\/bodegascozar.es\/#\/schema\/logo\/image\/\"},\"sameAs\":[\"https:\/\/www.facebook.com\/profile.php?id=100057086575341\",\"https:\/\/www.instagram.com\/cozar_1837\/\"]}]}<\/script>\n<!-- \/ Yoast SEO plugin. -->","yoast_head_json":{"title":"Contacto - Bodegas C\u00f3zar","description":"\u00bfTienes preguntas o necesitas m\u00e1s informaci\u00f3n sobre nuestros vinos? Estamos aqu\u00ed para ayudarte y compartir nuestra pasi\u00f3n por el vino.","robots":{"index":"index","follow":"follow","max-snippet":"max-snippet:-1","max-image-preview":"max-image-preview:large","max-video-preview":"max-video-preview:-1"},"canonical":"https:\/\/bodegascozar.es\/?page_id=24","og_locale":"es_ES","og_type":"article","og_title":"Contacto - Bodegas C\u00f3zar","og_description":"\u00bfTienes preguntas o necesitas m\u00e1s informaci\u00f3n sobre nuestros vinos? Estamos aqu\u00ed para ayudarte y compartir nuestra pasi\u00f3n por el vino.","og_url":"https:\/\/bodegascozar.es\/?page_id=24","og_site_name":"Bodegas C\u00f3zar","article_publisher":"https:\/\/www.facebook.com\/profile.php?id=100057086575341","article_modified_time":"2024-06-10T11:20:49+00:00","og_image":[{"width":1248,"height":770,"url":"http:\/\/bodegascozar.es\/wp-content\/uploads\/2023\/09\/vinedo3.jpg","type":"image\/jpeg"}],"twitter_card":"summary_large_image","twitter_misc":{"Tiempo de lectura":"1 minuto"},"schema":{"@context":"https:\/\/schema.org","@graph":[{"@type":"WebPage","@id":"https:\/\/bodegascozar.es\/?page_id=24","url":"https:\/\/bodegascozar.es\/?page_id=24","name":"Contacto - Bodegas C\u00f3zar","isPartOf":{"@id":"https:\/\/bodegascozar.es\/#website"},"primaryImageOfPage":{"@id":"https:\/\/bodegascozar.es\/?page_id=24#primaryimage"},"image":{"@id":"https:\/\/bodegascozar.es\/?page_id=24#primaryimage"},"thumbnailUrl":"https:\/\/bodegascozar.es\/wp-content\/uploads\/2023\/09\/vinedo3.jpg","datePublished":"2023-09-06T15:58:18+00:00","dateModified":"2024-06-10T11:20:49+00:00","description":"\u00bfTienes preguntas o necesitas m\u00e1s informaci\u00f3n sobre nuestros vinos? Estamos aqu\u00ed para ayudarte y compartir nuestra pasi\u00f3n por el vino.","breadcrumb":{"@id":"https:\/\/bodegascozar.es\/?page_id=24#breadcrumb"},"inLanguage":"es","potentialAction":[{"@type":"ReadAction","target":["https:\/\/bodegascozar.es\/?page_id=24"]}]},{"@type":"ImageObject","inLanguage":"es","@id":"https:\/\/bodegascozar.es\/?page_id=24#primaryimage","url":"https:\/\/bodegascozar.es\/wp-content\/uploads\/2023\/09\/vinedo3.jpg","contentUrl":"https:\/\/bodegascozar.es\/wp-content\/uploads\/2023\/09\/vinedo3.jpg","width":1248,"height":770},{"@type":"BreadcrumbList","@id":"https:\/\/bodegascozar.es\/?page_id=24#breadcrumb","itemListElement":[{"@type":"ListItem","position":1,"name":"Portada","item":"https:\/\/bodegascozar.es\/"},{"@type":"ListItem","position":2,"name":"Contacto"}]},{"@type":"WebSite","@id":"https:\/\/bodegascozar.es\/#website","url":"https:\/\/bodegascozar.es\/","name":"Bodegas C\u00f3zar","description":"","publisher":{"@id":"https:\/\/bodegascozar.es\/#organization"},"potentialAction":[{"@type":"SearchAction","target":{"@type":"EntryPoint","urlTemplate":"https:\/\/bodegascozar.es\/?s={search_term_string}"},"query-input":"required name=search_term_string"}],"inLanguage":"es"},{"@type":"Organization","@id":"https:\/\/bodegascozar.es\/#organization","name":"Bodegas C\u00f3zar","url":"https:\/\/bodegascozar.es\/","logo":{"@type":"ImageObject","inLanguage":"es","@id":"https:\/\/bodegascozar.es\/#\/schema\/logo\/image\/","url":"https:\/\/bodegascozar.es\/wp-content\/uploads\/2023\/09\/cropped-logo1_2.png","contentUrl":"https:\/\/bodegascozar.es\/wp-content\/uploads\/2023\/09\/cropped-logo1_2.png","width":218,"height":100,"caption":"Bodegas C\u00f3zar"},"image":{"@id":"https:\/\/bodegascozar.es\/#\/schema\/logo\/image\/"},"sameAs":["https:\/\/www.facebook.com\/profile.php?id=100057086575341","https:\/\/www.instagram.com\/cozar_1837\/"]}]}},"_links":{"self":[{"href":"https:\/\/bodegascozar.es\/index.php?rest_route=\/wp\/v2\/pages\/24"}],"collection":[{"href":"https:\/\/bodegascozar.es\/index.php?rest_route=\/wp\/v2\/pages"}],"about":[{"href":"https:\/\/bodegascozar.es\/index.php?rest_route=\/wp\/v2\/types\/page"}],"author":[{"embeddable":true,"href":"https:\/\/bodegascozar.es\/index.php?rest_route=\/wp\/v2\/users\/1"}],"replies":[{"embeddable":true,"href":"https:\/\/bodegascozar.es\/index.php?rest_route=%2Fwp%2Fv2%2Fcomments&post=24"}],"version-history":[{"count":5,"href":"https:\/\/bodegascozar.es\/index.php?rest_route=\/wp\/v2\/pages\/24\/revisions"}],"predecessor-version":[{"id":127,"href":"https:\/\/bodegascozar.es\/index.php?rest_route=\/wp\/v2\/pages\/24\/revisions\/127"}],"wp:featuredmedia":[{"embeddable":true,"href":"https:\/\/bodegascozar.es\/index.php?rest_route=\/wp\/v2\/media\/57"}],"wp:attachment":[{"href":"https:\/\/bodegascozar.es\/index.php?rest_route=%2Fwp%2Fv2%2Fmedia&parent=24"}],"curies":[{"name":"wp","href":"https:\/\/api.w.org\/{rel}","templated":true}]}}