{"id":23,"date":"2023-09-06T17:58:18","date_gmt":"2023-09-06T15:58:18","guid":{"rendered":"http:\/\/bodegascozar.es\/?page_id=23"},"modified":"2024-06-10T13:32:56","modified_gmt":"2024-06-10T11:32:56","slug":"acerca-de","status":"publish","type":"page","link":"https:\/\/bodegascozar.es\/?page_id=23","title":{"rendered":"Historia"},"content":{"rendered":"\n<h2 class=\"wp-block-heading has-large-font-size\" id=\"inspiro-is-a-digital-product-agency-that-focuses-on-strategy-and-design\" style=\"font-style:normal;font-weight:100\">Conoce el origen de nuestra historia. Donde todo empez\u00f3.<\/h2>\n\n\n\n<div style=\"height:100px\" aria-hidden=\"true\" class=\"wp-block-spacer\"><\/div>\n\n\n\n<div class=\"wp-block-columns alignwide is-layout-flex wp-container-4 wp-block-columns-is-layout-flex\">\n<div class=\"wp-block-column is-layout-flow wp-block-column-is-layout-flow\">\n<figure class=\"wp-block-image size-full is-resized is-style-default\"><img decoding=\"async\" loading=\"lazy\" width=\"960\" height=\"540\" src=\"https:\/\/bodegascozar.es\/wp-content\/uploads\/2024\/06\/arriate-1.jpg\" alt=\"\" class=\"wp-image-119\" style=\"aspect-ratio:1.5;object-fit:cover;width:416px;height:auto\" srcset=\"https:\/\/bodegascozar.es\/wp-content\/uploads\/2024\/06\/arriate-1.jpg 960w, https:\/\/bodegascozar.es\/wp-content\/uploads\/2024\/06\/arriate-1-300x169.jpg 300w\" sizes=\"(max-width: 960px) 100vw, 960px\" \/><\/figure>\n\n\n\n<p class=\"has-black-color has-text-color has-medium-font-size\">Primeros Pasos<\/p>\n\n\n\n<p class=\"has-text-align-left has-text-color\" style=\"color:#7a7a7a\">En el coraz\u00f3n de la Serran\u00eda de Ronda, una tierra de belleza natural y rica tradici\u00f3n vin\u00edcola, naci\u00f3 nuestra bodega. Aprovechando el clima ideal y los suelos f\u00e9rtiles, adoptamos pr\u00e1cticas sostenibles desde el inicio para cultivar uvas de la m\u00e1s alta calidad.<\/p>\n<\/div>\n\n\n\n<div class=\"wp-block-column is-layout-flow wp-block-column-is-layout-flow\">\n<figure class=\"wp-block-image size-large is-resized\"><img decoding=\"async\" loading=\"lazy\" width=\"576\" height=\"1024\" src=\"https:\/\/bodegascozar.es\/wp-content\/uploads\/2024\/06\/IMG-20230907-WA00041-576x1024.jpeg\" alt=\"\" class=\"wp-image-120\" style=\"aspect-ratio:1.5026178010471205;object-fit:cover;width:415px;height:auto\" srcset=\"https:\/\/bodegascozar.es\/wp-content\/uploads\/2024\/06\/IMG-20230907-WA00041-576x1024.jpeg 576w, https:\/\/bodegascozar.es\/wp-content\/uploads\/2024\/06\/IMG-20230907-WA00041-169x300.jpeg 169w, https:\/\/bodegascozar.es\/wp-content\/uploads\/2024\/06\/IMG-20230907-WA00041-2000x3556.jpeg 2000w, https:\/\/bodegascozar.es\/wp-content\/uploads\/2024\/06\/IMG-20230907-WA00041-scaled.jpeg 1440w\" sizes=\"(max-width: 576px) 100vw, 576px\" \/><\/figure>\n\n\n\n<p class=\"has-black-color has-text-color has-medium-font-size\">La historia contin\u00faa<\/p>\n\n\n\n<p class=\"has-text-color\" style=\"color:#7a7a7a\">Combinando t\u00e9cnicas ancestrales con innovaciones modernas, supervisamos cada etapa del proceso de vinificaci\u00f3n. Desde la cosecha manual hasta el envejecimiento en barricas de roble, creamos vinos que reflejan nuestro terroir y alcanzan una calidad excepcional.<\/p>\n<\/div>\n\n\n\n<div class=\"wp-block-column is-layout-flow wp-block-column-is-layout-flow\">\n<figure class=\"wp-block-image size-large is-resized\"><img decoding=\"async\" loading=\"lazy\" width=\"1024\" height=\"786\" src=\"http:\/\/bodegascozar.es\/wp-content\/uploads\/2023\/09\/disparo-vertical-persona-sosteniendo-copa-vino-vinedo-luz-sol-1024x786.jpg\" alt=\"\" class=\"wp-image-46\" style=\"aspect-ratio:1.5;object-fit:cover;width:413px;height:auto\" srcset=\"https:\/\/bodegascozar.es\/wp-content\/uploads\/2023\/09\/disparo-vertical-persona-sosteniendo-copa-vino-vinedo-luz-sol-1024x786.jpg 1024w, https:\/\/bodegascozar.es\/wp-content\/uploads\/2023\/09\/disparo-vertical-persona-sosteniendo-copa-vino-vinedo-luz-sol-300x230.jpg 300w, https:\/\/bodegascozar.es\/wp-content\/uploads\/2023\/09\/disparo-vertical-persona-sosteniendo-copa-vino-vinedo-luz-sol-768x590.jpg 768w, https:\/\/bodegascozar.es\/wp-content\/uploads\/2023\/09\/disparo-vertical-persona-sosteniendo-copa-vino-vinedo-luz-sol-1536x1179.jpg 1536w, https:\/\/bodegascozar.es\/wp-content\/uploads\/2023\/09\/disparo-vertical-persona-sosteniendo-copa-vino-vinedo-luz-sol-2048x1572.jpg 2048w, https:\/\/bodegascozar.es\/wp-content\/uploads\/2023\/09\/disparo-vertical-persona-sosteniendo-copa-vino-vinedo-luz-sol-2000x1535.jpg 2000w\" sizes=\"(max-width: 1024px) 100vw, 1024px\" \/><\/figure>\n\n\n\n<p class=\"has-black-color has-text-color has-medium-font-size\">Lo mejor est\u00e1 por venir<\/p>\n\n\n\n<p class=\"has-text-color\" style=\"color:#7a7a7a\">Hoy, nuestros vinos son fruto de d\u00e9cadas de dedicaci\u00f3n y pasi\u00f3n. Crecemos y evolucionamos continuamente, comprometidos con la excelencia. Cada botella cuenta una historia de nuestra tierra y amor por el vino, invitando a nuestros clientes a experimentar esta pasi\u00f3n en cada sorbo.<\/p>\n<\/div>\n<\/div>\n\n\n\n<h3 class=\"wp-block-heading has-large-font-size\" id=\"inspiro-is-a-digital-product-agency-that-focuses-on-strategy-and-desig\" style=\"font-weight:300\">Forma parte de nuestra pasi\u00f3n<\/h3>\n\n\n\n<figure class=\"wp-block-embed aligncenter is-type-video is-provider-youtube wp-block-embed-youtube wp-embed-aspect-16-9 wp-has-aspect-ratio\"><div class=\"wp-block-embed__wrapper\">\n<iframe loading=\"lazy\" title=\"4K Drone footage.Ronda,Spain\" width=\"950\" height=\"534\" src=\"https:\/\/www.youtube.com\/embed\/I6415ZBirbk?feature=oembed\" frameborder=\"0\" allow=\"accelerometer; autoplay; clipboard-write; encrypted-media; gyroscope; picture-in-picture; web-share\" referrerpolicy=\"strict-origin-when-cross-origin\" allowfullscreen><\/iframe>\n<\/div><figcaption class=\"wp-element-caption\">Cr\u00e9ditos: @vadimkolobanov<\/figcaption><\/figure>\n\n\n\n<div class=\"wp-block-cover alignfull\" style=\"padding-top:50px;padding-right:50px;padding-bottom:50px;padding-left:50px;min-height:316px\"><span aria-hidden=\"true\" class=\"wp-block-cover__background has-black-background-color has-background-dim-100 has-background-dim\"><\/span><div class=\"wp-block-cover__inner-container is-layout-flow wp-block-cover-is-layout-flow\">\n<div class=\"wp-block-columns are-vertically-aligned-center is-layout-flex wp-container-14 wp-block-columns-is-layout-flex\">\n<div class=\"wp-block-column is-vertically-aligned-center is-layout-flow wp-block-column-is-layout-flow\" style=\"padding-top:20px;padding-right:0px;padding-bottom:20px;padding-left:0px\">\n<div class=\"wp-block-group is-content-justification-space-between is-nowrap is-layout-flex wp-container-6 wp-block-group-is-layout-flex\">\n<figure class=\"wp-block-image size-full\"><img decoding=\"async\" src=\"http:\/\/bodegascozar.es\/wp-content\/themes\/inspiro\/assets\/images\/laurel_left.png\" alt=\"\"\/><\/figure>\n\n\n\n<div class=\"wp-block-group is-layout-flow wp-block-group-is-layout-flow\">\n<p class=\"has-text-align-center has-white-color has-text-color\" style=\"font-size:clamp(14px, 0.875rem + ((1vw - 3.2px) * 0.417), 18px);line-height:1\"><strong>\u00abPremios Akatavino 2022\u00bb<br><\/strong>Muscat C\u00f3zar 1837<\/p>\n<\/div>\n\n\n\n<figure class=\"wp-block-image size-full\"><img decoding=\"async\" src=\"http:\/\/bodegascozar.es\/wp-content\/themes\/inspiro\/assets\/images\/laurel_right.png\" alt=\"\"\/><\/figure>\n<\/div>\n<\/div>\n\n\n\n<div class=\"wp-block-column is-vertically-aligned-center is-layout-flow wp-block-column-is-layout-flow\" style=\"padding-top:20px;padding-right:0px;padding-bottom:20px;padding-left:0px\">\n<div class=\"wp-block-group is-content-justification-space-between is-nowrap is-layout-flex wp-container-9 wp-block-group-is-layout-flex\">\n<figure class=\"wp-block-image size-full\"><img decoding=\"async\" src=\"http:\/\/bodegascozar.es\/wp-content\/themes\/inspiro\/assets\/images\/laurel_left.png\" alt=\"\"\/><\/figure>\n\n\n\n<div class=\"wp-block-group is-layout-flow wp-block-group-is-layout-flow\">\n<p class=\"has-text-align-center has-white-color has-text-color\" style=\"font-size:clamp(14px, 0.875rem + ((1vw - 3.2px) * 0.417), 18px);line-height:1\"><strong><strong>\u00abPremios Akatavino 2022\u00bb<\/strong><\/strong><br>A Pulm\u00f3n<\/p>\n<\/div>\n\n\n\n<figure class=\"wp-block-image size-full\"><img decoding=\"async\" src=\"http:\/\/bodegascozar.es\/wp-content\/themes\/inspiro\/assets\/images\/laurel_right.png\" alt=\"\"\/><\/figure>\n<\/div>\n<\/div>\n\n\n\n<div class=\"wp-block-column is-vertically-aligned-center is-layout-flow wp-block-column-is-layout-flow\" style=\"padding-top:20px;padding-right:0px;padding-bottom:20px;padding-left:0px\">\n<div class=\"wp-block-group is-content-justification-space-between is-nowrap is-layout-flex wp-container-12 wp-block-group-is-layout-flex\">\n<figure class=\"wp-block-image size-full\"><img decoding=\"async\" src=\"http:\/\/bodegascozar.es\/wp-content\/themes\/inspiro\/assets\/images\/laurel_left.png\" alt=\"\"\/><\/figure>\n\n\n\n<div class=\"wp-block-group is-layout-flow wp-block-group-is-layout-flow\">\n<p class=\"has-text-align-center has-white-color has-text-color\" style=\"font-size:clamp(14px, 0.875rem + ((1vw - 3.2px) * 0.417), 18px);line-height:1\"><strong><strong>\u00abPremios Akatavino 2021\u00bb<\/strong><\/strong><br>A Pulm\u00f3n<\/p>\n<\/div>\n\n\n\n<figure class=\"wp-block-image size-full\"><img decoding=\"async\" src=\"http:\/\/bodegascozar.es\/wp-content\/themes\/inspiro\/assets\/images\/laurel_right.png\" alt=\"\"\/><\/figure>\n<\/div>\n<\/div>\n<\/div>\n<\/div><\/div>\n","protected":false},"excerpt":{"rendered":"<p>Conoce el origen de nuestra historia. Donde todo empez\u00f3. Primeros Pasos En el coraz\u00f3n de la Serran\u00eda de Ronda, una tierra de belleza natural y rica tradici\u00f3n vin\u00edcola, naci\u00f3 nuestra bodega. Aprovechando el clima ideal y los suelos f\u00e9rtiles, adoptamos pr\u00e1cticas sostenibles desde el inicio para cultivar uvas de la m\u00e1s alta calidad. La historia &hellip; <\/p>\n<p class=\"link-more\"><a href=\"https:\/\/bodegascozar.es\/?page_id=23\" class=\"more-link\">Leer m\u00e1s<span class=\"screen-reader-text\"> \u00abHistoria\u00bb<\/span><\/a><\/p>\n","protected":false},"author":1,"featured_media":49,"parent":0,"menu_order":0,"comment_status":"closed","ping_status":"closed","template":"","meta":{"footnotes":""},"yoast_head":"<!-- This site is optimized with the Yoast SEO plugin v22.6 - https:\/\/yoast.com\/wordpress\/plugins\/seo\/ -->\n<title>Historia - Bodegas C\u00f3zar<\/title>\n<meta name=\"robots\" content=\"index, follow, max-snippet:-1, max-image-preview:large, max-video-preview:-1\" \/>\n<link rel=\"canonical\" href=\"https:\/\/bodegascozar.es\/?page_id=23\" \/>\n<meta property=\"og:locale\" content=\"es_ES\" \/>\n<meta property=\"og:type\" content=\"article\" \/>\n<meta property=\"og:title\" content=\"Historia - Bodegas C\u00f3zar\" \/>\n<meta property=\"og:description\" content=\"Conoce el origen de nuestra historia. Donde todo empez\u00f3. Primeros Pasos En el coraz\u00f3n de la Serran\u00eda de Ronda, una tierra de belleza natural y rica tradici\u00f3n vin\u00edcola, naci\u00f3 nuestra bodega. Aprovechando el clima ideal y los suelos f\u00e9rtiles, adoptamos pr\u00e1cticas sostenibles desde el inicio para cultivar uvas de la m\u00e1s alta calidad. La historia &hellip; Leer m\u00e1s \u00abHistoria\u00bb\" \/>\n<meta property=\"og:url\" content=\"https:\/\/bodegascozar.es\/?page_id=23\" \/>\n<meta property=\"og:site_name\" content=\"Bodegas C\u00f3zar\" \/>\n<meta property=\"article:publisher\" content=\"https:\/\/www.facebook.com\/profile.php?id=100057086575341\" \/>\n<meta property=\"article:modified_time\" content=\"2024-06-10T11:32:56+00:00\" \/>\n<meta property=\"og:image\" content=\"http:\/\/bodegascozar.es\/wp-content\/uploads\/2023\/09\/vinedo2.jpg\" \/>\n\t<meta property=\"og:image:width\" content=\"1200\" \/>\n\t<meta property=\"og:image:height\" content=\"675\" \/>\n\t<meta property=\"og:image:type\" content=\"image\/jpeg\" \/>\n<meta name=\"twitter:card\" content=\"summary_large_image\" \/>\n<meta name=\"twitter:label1\" content=\"Tiempo de lectura\" \/>\n\t<meta name=\"twitter:data1\" content=\"3 minutos\" \/>\n<script type=\"application\/ld+json\" class=\"yoast-schema-graph\">{\"@context\":\"https:\/\/schema.org\",\"@graph\":[{\"@type\":\"WebPage\",\"@id\":\"https:\/\/bodegascozar.es\/?page_id=23\",\"url\":\"https:\/\/bodegascozar.es\/?page_id=23\",\"name\":\"Historia - Bodegas C\u00f3zar\",\"isPartOf\":{\"@id\":\"https:\/\/bodegascozar.es\/#website\"},\"primaryImageOfPage\":{\"@id\":\"https:\/\/bodegascozar.es\/?page_id=23#primaryimage\"},\"image\":{\"@id\":\"https:\/\/bodegascozar.es\/?page_id=23#primaryimage\"},\"thumbnailUrl\":\"https:\/\/bodegascozar.es\/wp-content\/uploads\/2023\/09\/vinedo2.jpg\",\"datePublished\":\"2023-09-06T15:58:18+00:00\",\"dateModified\":\"2024-06-10T11:32:56+00:00\",\"breadcrumb\":{\"@id\":\"https:\/\/bodegascozar.es\/?page_id=23#breadcrumb\"},\"inLanguage\":\"es\",\"potentialAction\":[{\"@type\":\"ReadAction\",\"target\":[\"https:\/\/bodegascozar.es\/?page_id=23\"]}]},{\"@type\":\"ImageObject\",\"inLanguage\":\"es\",\"@id\":\"https:\/\/bodegascozar.es\/?page_id=23#primaryimage\",\"url\":\"https:\/\/bodegascozar.es\/wp-content\/uploads\/2023\/09\/vinedo2.jpg\",\"contentUrl\":\"https:\/\/bodegascozar.es\/wp-content\/uploads\/2023\/09\/vinedo2.jpg\",\"width\":1200,\"height\":675},{\"@type\":\"BreadcrumbList\",\"@id\":\"https:\/\/bodegascozar.es\/?page_id=23#breadcrumb\",\"itemListElement\":[{\"@type\":\"ListItem\",\"position\":1,\"name\":\"Portada\",\"item\":\"https:\/\/bodegascozar.es\/\"},{\"@type\":\"ListItem\",\"position\":2,\"name\":\"Historia\"}]},{\"@type\":\"WebSite\",\"@id\":\"https:\/\/bodegascozar.es\/#website\",\"url\":\"https:\/\/bodegascozar.es\/\",\"name\":\"Bodegas C\u00f3zar\",\"description\":\"\",\"publisher\":{\"@id\":\"https:\/\/bodegascozar.es\/#organization\"},\"potentialAction\":[{\"@type\":\"SearchAction\",\"target\":{\"@type\":\"EntryPoint\",\"urlTemplate\":\"https:\/\/bodegascozar.es\/?s={search_term_string}\"},\"query-input\":\"required name=search_term_string\"}],\"inLanguage\":\"es\"},{\"@type\":\"Organization\",\"@id\":\"https:\/\/bodegascozar.es\/#organization\",\"name\":\"Bodegas C\u00f3zar\",\"url\":\"https:\/\/bodegascozar.es\/\",\"logo\":{\"@type\":\"ImageObject\",\"inLanguage\":\"es\",\"@id\":\"https:\/\/bodegascozar.es\/#\/schema\/logo\/image\/\",\"url\":\"https:\/\/bodegascozar.es\/wp-content\/uploads\/2023\/09\/cropped-logo1_2.png\",\"contentUrl\":\"https:\/\/bodegascozar.es\/wp-content\/uploads\/2023\/09\/cropped-logo1_2.png\",\"width\":218,\"height\":100,\"caption\":\"Bodegas C\u00f3zar\"},\"image\":{\"@id\":\"https:\/\/bodegascozar.es\/#\/schema\/logo\/image\/\"},\"sameAs\":[\"https:\/\/www.facebook.com\/profile.php?id=100057086575341\",\"https:\/\/www.instagram.com\/cozar_1837\/\"]}]}<\/script>\n<!-- \/ Yoast SEO plugin. -->","yoast_head_json":{"title":"Historia - Bodegas C\u00f3zar","robots":{"index":"index","follow":"follow","max-snippet":"max-snippet:-1","max-image-preview":"max-image-preview:large","max-video-preview":"max-video-preview:-1"},"canonical":"https:\/\/bodegascozar.es\/?page_id=23","og_locale":"es_ES","og_type":"article","og_title":"Historia - Bodegas C\u00f3zar","og_description":"Conoce el origen de nuestra historia. Donde todo empez\u00f3. Primeros Pasos En el coraz\u00f3n de la Serran\u00eda de Ronda, una tierra de belleza natural y rica tradici\u00f3n vin\u00edcola, naci\u00f3 nuestra bodega. Aprovechando el clima ideal y los suelos f\u00e9rtiles, adoptamos pr\u00e1cticas sostenibles desde el inicio para cultivar uvas de la m\u00e1s alta calidad. La historia &hellip; Leer m\u00e1s \u00abHistoria\u00bb","og_url":"https:\/\/bodegascozar.es\/?page_id=23","og_site_name":"Bodegas C\u00f3zar","article_publisher":"https:\/\/www.facebook.com\/profile.php?id=100057086575341","article_modified_time":"2024-06-10T11:32:56+00:00","og_image":[{"width":1200,"height":675,"url":"http:\/\/bodegascozar.es\/wp-content\/uploads\/2023\/09\/vinedo2.jpg","type":"image\/jpeg"}],"twitter_card":"summary_large_image","twitter_misc":{"Tiempo de lectura":"3 minutos"},"schema":{"@context":"https:\/\/schema.org","@graph":[{"@type":"WebPage","@id":"https:\/\/bodegascozar.es\/?page_id=23","url":"https:\/\/bodegascozar.es\/?page_id=23","name":"Historia - Bodegas C\u00f3zar","isPartOf":{"@id":"https:\/\/bodegascozar.es\/#website"},"primaryImageOfPage":{"@id":"https:\/\/bodegascozar.es\/?page_id=23#primaryimage"},"image":{"@id":"https:\/\/bodegascozar.es\/?page_id=23#primaryimage"},"thumbnailUrl":"https:\/\/bodegascozar.es\/wp-content\/uploads\/2023\/09\/vinedo2.jpg","datePublished":"2023-09-06T15:58:18+00:00","dateModified":"2024-06-10T11:32:56+00:00","breadcrumb":{"@id":"https:\/\/bodegascozar.es\/?page_id=23#breadcrumb"},"inLanguage":"es","potentialAction":[{"@type":"ReadAction","target":["https:\/\/bodegascozar.es\/?page_id=23"]}]},{"@type":"ImageObject","inLanguage":"es","@id":"https:\/\/bodegascozar.es\/?page_id=23#primaryimage","url":"https:\/\/bodegascozar.es\/wp-content\/uploads\/2023\/09\/vinedo2.jpg","contentUrl":"https:\/\/bodegascozar.es\/wp-content\/uploads\/2023\/09\/vinedo2.jpg","width":1200,"height":675},{"@type":"BreadcrumbList","@id":"https:\/\/bodegascozar.es\/?page_id=23#breadcrumb","itemListElement":[{"@type":"ListItem","position":1,"name":"Portada","item":"https:\/\/bodegascozar.es\/"},{"@type":"ListItem","position":2,"name":"Historia"}]},{"@type":"WebSite","@id":"https:\/\/bodegascozar.es\/#website","url":"https:\/\/bodegascozar.es\/","name":"Bodegas C\u00f3zar","description":"","publisher":{"@id":"https:\/\/bodegascozar.es\/#organization"},"potentialAction":[{"@type":"SearchAction","target":{"@type":"EntryPoint","urlTemplate":"https:\/\/bodegascozar.es\/?s={search_term_string}"},"query-input":"required name=search_term_string"}],"inLanguage":"es"},{"@type":"Organization","@id":"https:\/\/bodegascozar.es\/#organization","name":"Bodegas C\u00f3zar","url":"https:\/\/bodegascozar.es\/","logo":{"@type":"ImageObject","inLanguage":"es","@id":"https:\/\/bodegascozar.es\/#\/schema\/logo\/image\/","url":"https:\/\/bodegascozar.es\/wp-content\/uploads\/2023\/09\/cropped-logo1_2.png","contentUrl":"https:\/\/bodegascozar.es\/wp-content\/uploads\/2023\/09\/cropped-logo1_2.png","width":218,"height":100,"caption":"Bodegas C\u00f3zar"},"image":{"@id":"https:\/\/bodegascozar.es\/#\/schema\/logo\/image\/"},"sameAs":["https:\/\/www.facebook.com\/profile.php?id=100057086575341","https:\/\/www.instagram.com\/cozar_1837\/"]}]}},"_links":{"self":[{"href":"https:\/\/bodegascozar.es\/index.php?rest_route=\/wp\/v2\/pages\/23"}],"collection":[{"href":"https:\/\/bodegascozar.es\/index.php?rest_route=\/wp\/v2\/pages"}],"about":[{"href":"https:\/\/bodegascozar.es\/index.php?rest_route=\/wp\/v2\/types\/page"}],"author":[{"embeddable":true,"href":"https:\/\/bodegascozar.es\/index.php?rest_route=\/wp\/v2\/users\/1"}],"replies":[{"embeddable":true,"href":"https:\/\/bodegascozar.es\/index.php?rest_route=%2Fwp%2Fv2%2Fcomments&post=23"}],"version-history":[{"count":6,"href":"https:\/\/bodegascozar.es\/index.php?rest_route=\/wp\/v2\/pages\/23\/revisions"}],"predecessor-version":[{"id":131,"href":"https:\/\/bodegascozar.es\/index.php?rest_route=\/wp\/v2\/pages\/23\/revisions\/131"}],"wp:featuredmedia":[{"embeddable":true,"href":"https:\/\/bodegascozar.es\/index.php?rest_route=\/wp\/v2\/media\/49"}],"wp:attachment":[{"href":"https:\/\/bodegascozar.es\/index.php?rest_route=%2Fwp%2Fv2%2Fmedia&parent=23"}],"curies":[{"name":"wp","href":"https:\/\/api.w.org\/{rel}","templated":true}]}}