{"id":22,"date":"2023-09-06T17:58:18","date_gmt":"2023-09-06T15:58:18","guid":{"rendered":"http:\/\/bodegascozar.es\/?page_id=22"},"modified":"2024-06-10T19:57:32","modified_gmt":"2024-06-10T17:57:32","slug":"home","status":"publish","type":"page","link":"https:\/\/bodegascozar.es\/","title":{"rendered":""},"content":{"rendered":"\n<p class=\"has-text-align-center\">Descubre el alma de los vi\u00f1edos en cada sorbo: Bodegas C\u00f3zar, donde la tradici\u00f3n se encuentra con la excelencia<\/p>\n\n\n\n<div style=\"height:55px\" aria-hidden=\"true\" class=\"wp-block-spacer\"><\/div>\n\n\n\n<div class=\"wp-block-group alignfull has-background is-layout-flow wp-block-group-is-layout-flow\" style=\"background-color:#e5e9ec\">\n<div class=\"wp-block-columns is-layout-flex wp-container-5 wp-block-columns-is-layout-flex\">\n<div class=\"wp-block-column is-vertically-aligned-center is-layout-flow wp-block-column-is-layout-flow\">\n<h2 class=\"wp-block-heading\">Filosof\u00eda<\/h2>\n\n\n\n<p>La filosof\u00eda de Bodegas C\u00f3zar se basa en el respeto por la tierra y la naturaleza. Con vi\u00f1edos org\u00e1nicos y pr\u00e1cticas sostenibles, se enfocan en cultivar uvas excepcionales que reflejen la autenticidad del terru\u00f1o<\/p>\n\n\n\n<div class=\"wp-block-buttons is-horizontal is-content-justification-left is-layout-flex wp-container-1 wp-block-buttons-is-layout-flex\">\n<div class=\"wp-block-button is-style-outline\"><a class=\"wp-block-button__link wp-element-button\" href=\"https:\/\/bodegascozar.es\/?page_id=23\">Sobre Nosotros<\/a><\/div>\n<\/div>\n\n\n\n<p><\/p>\n\n\n\n<figure class=\"wp-block-gallery has-nested-images columns-default is-cropped wp-block-gallery-2 is-layout-flex wp-block-gallery-is-layout-flex\">\n<figure class=\"wp-block-image size-full\"><img decoding=\"async\" loading=\"lazy\" width=\"850\" height=\"560\" src=\"https:\/\/bodegascozar.es\/wp-content\/uploads\/2024\/01\/ing1.jpg\" alt=\"\" class=\"wp-image-74\" srcset=\"https:\/\/bodegascozar.es\/wp-content\/uploads\/2024\/01\/ing1.jpg 850w, https:\/\/bodegascozar.es\/wp-content\/uploads\/2024\/01\/ing1-300x198.jpg 300w\" sizes=\"(max-width: 850px) 100vw, 850px\" \/><\/figure>\n<\/figure>\n<\/div>\n<\/div>\n<\/div>\n\n\n\n<div class=\"wp-block-group alignfull is-layout-flow wp-block-group-is-layout-flow\">\n<div class=\"wp-block-columns are-vertically-aligned-center is-layout-flex wp-container-10 wp-block-columns-is-layout-flex\">\n<div class=\"wp-block-column is-vertically-aligned-center is-layout-flow wp-block-column-is-layout-flow\">\n<div style=\"height:48px\" aria-hidden=\"true\" class=\"wp-block-spacer\"><\/div>\n\n\n\n<figure class=\"wp-block-image size-large is-resized\"><img decoding=\"async\" loading=\"lazy\" width=\"1024\" height=\"786\" src=\"https:\/\/bodegascozar.es\/wp-content\/uploads\/2024\/06\/img-1024x786.jpg\" alt=\"\" class=\"wp-image-115\" style=\"aspect-ratio:1.3025684448207733;width:720px;height:auto\" srcset=\"https:\/\/bodegascozar.es\/wp-content\/uploads\/2024\/06\/img-1024x786.jpg 1024w, https:\/\/bodegascozar.es\/wp-content\/uploads\/2024\/06\/img-300x230.jpg 300w, https:\/\/bodegascozar.es\/wp-content\/uploads\/2024\/06\/img-2000x1535.jpg 2000w\" sizes=\"(max-width: 1024px) 100vw, 1024px\" \/><\/figure>\n<\/div>\n\n\n\n<div class=\"wp-block-column is-vertically-aligned-center is-layout-flow wp-block-column-is-layout-flow\">\n<h2 class=\"wp-block-heading\">Tierra F\u00e9rtil y Clima Perfecto<\/h2>\n\n\n\n<p>Ubicados en la <strong>Serran\u00eda de Ronda,<\/strong> nuestros vi\u00f1edos se benefician de un clima ideal y suelos ricos que proporcionan las condiciones perfectas para el cultivo de uvas de la m\u00e1s alta calidad. Utilizamos pr\u00e1cticas agr\u00edcolas sostenibles para asegurar que nuestras vi\u00f1as se mantengan saludables y productivas a\u00f1o tras a\u00f1o.<\/p>\n\n\n\n<div class=\"wp-block-buttons is-layout-flex wp-block-buttons-is-layout-flex\">\n<div class=\"wp-block-button is-style-outline\"><a class=\"wp-block-button__link wp-element-button\" href=\"https:\/\/bodegascozar.es\/?page_id=23\">Nuestra Historia<\/a><\/div>\n<\/div>\n<\/div>\n<\/div>\n<\/div>\n\n\n\n<div class=\"wp-block-group alignfull has-black-background-color has-background is-layout-flow wp-block-group-is-layout-flow\">\n<h2 class=\"wp-block-heading has-text-align-center has-white-color has-text-color\"><strong>Gal<\/strong>er\u00eda<\/h2>\n\n\n\n<figure class=\"wp-block-gallery aligncenter has-nested-images columns-default is-cropped wp-block-gallery-12 is-layout-flex wp-block-gallery-is-layout-flex\">\n<figure class=\"wp-block-image size-large\"><img decoding=\"async\" loading=\"lazy\" width=\"1024\" height=\"461\" src=\"https:\/\/bodegascozar.es\/wp-content\/uploads\/2024\/06\/IMG-20230726-WA0009-1024x461.jpg\" alt=\"\" class=\"wp-image-95\" srcset=\"https:\/\/bodegascozar.es\/wp-content\/uploads\/2024\/06\/IMG-20230726-WA0009-1024x461.jpg 1024w, https:\/\/bodegascozar.es\/wp-content\/uploads\/2024\/06\/IMG-20230726-WA0009-300x135.jpg 300w, https:\/\/bodegascozar.es\/wp-content\/uploads\/2024\/06\/IMG-20230726-WA0009.jpg 1600w\" sizes=\"(max-width: 1024px) 100vw, 1024px\" \/><\/figure>\n\n\n\n<figure class=\"wp-block-image size-large\"><img decoding=\"async\" loading=\"lazy\" width=\"1024\" height=\"819\" src=\"https:\/\/bodegascozar.es\/wp-content\/uploads\/2024\/06\/IMG-20220816-WA0003-1024x819.jpeg\" alt=\"\" class=\"wp-image-96\" srcset=\"https:\/\/bodegascozar.es\/wp-content\/uploads\/2024\/06\/IMG-20220816-WA0003-1024x819.jpeg 1024w, https:\/\/bodegascozar.es\/wp-content\/uploads\/2024\/06\/IMG-20220816-WA0003-300x240.jpeg 300w, https:\/\/bodegascozar.es\/wp-content\/uploads\/2024\/06\/IMG-20220816-WA0003-2000x1600.jpeg 2000w\" sizes=\"(max-width: 1024px) 100vw, 1024px\" \/><\/figure>\n\n\n\n<figure class=\"wp-block-image size-large\"><img decoding=\"async\" loading=\"lazy\" width=\"1024\" height=\"768\" src=\"https:\/\/bodegascozar.es\/wp-content\/uploads\/2024\/06\/IMG-20230815-WA00081-1024x768.jpg\" alt=\"\" class=\"wp-image-97\" srcset=\"https:\/\/bodegascozar.es\/wp-content\/uploads\/2024\/06\/IMG-20230815-WA00081-1024x768.jpg 1024w, https:\/\/bodegascozar.es\/wp-content\/uploads\/2024\/06\/IMG-20230815-WA00081-300x225.jpg 300w, https:\/\/bodegascozar.es\/wp-content\/uploads\/2024\/06\/IMG-20230815-WA00081.jpg 1600w\" sizes=\"(max-width: 1024px) 100vw, 1024px\" \/><\/figure>\n\n\n\n<figure class=\"wp-block-image size-large\"><img decoding=\"async\" loading=\"lazy\" width=\"1024\" height=\"819\" src=\"https:\/\/bodegascozar.es\/wp-content\/uploads\/2024\/06\/IMG-20230907-WA00001-1024x819.jpeg\" alt=\"\" class=\"wp-image-98\" srcset=\"https:\/\/bodegascozar.es\/wp-content\/uploads\/2024\/06\/IMG-20230907-WA00001-1024x819.jpeg 1024w, https:\/\/bodegascozar.es\/wp-content\/uploads\/2024\/06\/IMG-20230907-WA00001-300x240.jpeg 300w, https:\/\/bodegascozar.es\/wp-content\/uploads\/2024\/06\/IMG-20230907-WA00001-2000x1600.jpeg 2000w\" sizes=\"(max-width: 1024px) 100vw, 1024px\" \/><\/figure>\n\n\n\n<figure class=\"wp-block-image size-large\"><img decoding=\"async\" loading=\"lazy\" width=\"1024\" height=\"819\" src=\"https:\/\/bodegascozar.es\/wp-content\/uploads\/2024\/06\/IMG-20230815-WA00001-1024x819.jpeg\" alt=\"\" class=\"wp-image-99\" srcset=\"https:\/\/bodegascozar.es\/wp-content\/uploads\/2024\/06\/IMG-20230815-WA00001-1024x819.jpeg 1024w, https:\/\/bodegascozar.es\/wp-content\/uploads\/2024\/06\/IMG-20230815-WA00001-300x240.jpeg 300w, https:\/\/bodegascozar.es\/wp-content\/uploads\/2024\/06\/IMG-20230815-WA00001-2000x1600.jpeg 2000w\" sizes=\"(max-width: 1024px) 100vw, 1024px\" \/><\/figure>\n\n\n\n<figure class=\"wp-block-image size-full\"><img decoding=\"async\" loading=\"lazy\" width=\"720\" height=\"576\" src=\"https:\/\/bodegascozar.es\/wp-content\/uploads\/2024\/06\/IMG-20230711-WA0007.jpg\" alt=\"\" class=\"wp-image-100\" srcset=\"https:\/\/bodegascozar.es\/wp-content\/uploads\/2024\/06\/IMG-20230711-WA0007.jpg 720w, https:\/\/bodegascozar.es\/wp-content\/uploads\/2024\/06\/IMG-20230711-WA0007-300x240.jpg 300w\" sizes=\"(max-width: 720px) 100vw, 720px\" \/><\/figure>\n<\/figure>\n<\/div>\n\n\n\n<div class=\"wp-block-cover alignfull is-light has-parallax is-position-center-center\" style=\"min-height:375px\"><span aria-hidden=\"true\" class=\"wp-block-cover__background has-black-background-color has-background-dim-40 has-background-dim\"><\/span><div role=\"img\" class=\"wp-block-cover__image-background wp-image-113 has-parallax\" style=\"background-position:50% 50%;background-image:url(https:\/\/bodegascozar.es\/wp-content\/uploads\/2024\/06\/IMG-20230527-WA0004-1.jpg)\"><\/div><div class=\"wp-block-cover__inner-container is-layout-flow wp-block-cover-is-layout-flow\">\n<p class=\"has-text-align-center has-text-color has-huge-font-size\" style=\"color:#fffffa;line-height:1.1\">El alma del vino en cada gota<\/p>\n\n\n\n<div style=\"margin-top:var(--wp--preset--spacing--small);margin-bottom:var(--wp--preset--spacing--small);height:39px\" aria-hidden=\"true\" class=\"wp-block-spacer\"><\/div>\n\n\n\n<div class=\"wp-block-buttons is-horizontal is-content-justification-center is-layout-flex wp-container-15 wp-block-buttons-is-layout-flex\">\n<div class=\"wp-block-button is-style-outline\"><a class=\"wp-block-button__link has-white-color has-text-color wp-element-button\" href=\"https:\/\/bodegascozar.es\/?page_id=24\">Contacto<\/a><\/div>\n<\/div>\n<\/div><\/div>\n","protected":false},"excerpt":{"rendered":"<p>Descubre el alma de los vi\u00f1edos en cada sorbo: Bodegas C\u00f3zar, donde la tradici\u00f3n se encuentra con la excelencia Filosof\u00eda La filosof\u00eda de Bodegas C\u00f3zar se basa en el respeto por la tierra y la naturaleza. Con vi\u00f1edos org\u00e1nicos y pr\u00e1cticas sostenibles, se enfocan en cultivar uvas excepcionales que reflejen la autenticidad del terru\u00f1o Tierra &hellip; <\/p>\n<p class=\"link-more\"><a href=\"https:\/\/bodegascozar.es\/\" class=\"more-link\">Leer m\u00e1s<span class=\"screen-reader-text\"> \u00ab\u00bb<\/span><\/a><\/p>\n","protected":false},"author":1,"featured_media":21,"parent":0,"menu_order":0,"comment_status":"closed","ping_status":"closed","template":"","meta":{"footnotes":""},"yoast_head":"<!-- This site is optimized with the Yoast SEO plugin v22.6 - https:\/\/yoast.com\/wordpress\/plugins\/seo\/ -->\n<title>- Bodegas C\u00f3zar<\/title>\n<meta name=\"description\" content=\"Descubre la magia de cada cosecha en Bodegas C\u00f3zar. Vis\u00edtanos y vive una experiencia \u00fanica en el mundo del vino.\" \/>\n<meta name=\"robots\" content=\"index, follow, max-snippet:-1, max-image-preview:large, max-video-preview:-1\" \/>\n<link rel=\"canonical\" href=\"https:\/\/bodegascozar.es\/\" \/>\n<meta property=\"og:locale\" content=\"es_ES\" \/>\n<meta property=\"og:type\" content=\"article\" \/>\n<meta property=\"og:title\" content=\"- Bodegas C\u00f3zar\" \/>\n<meta property=\"og:description\" content=\"Descubre la magia de cada cosecha en Bodegas C\u00f3zar. Vis\u00edtanos y vive una experiencia \u00fanica en el mundo del vino.\" \/>\n<meta property=\"og:url\" content=\"https:\/\/bodegascozar.es\/\" \/>\n<meta property=\"og:site_name\" content=\"Bodegas C\u00f3zar\" \/>\n<meta property=\"article:publisher\" content=\"https:\/\/www.facebook.com\/profile.php?id=100057086575341\" \/>\n<meta property=\"article:modified_time\" content=\"2024-06-10T17:57:32+00:00\" \/>\n<meta property=\"og:image\" content=\"http:\/\/bodegascozar.es\/wp-content\/uploads\/2024\/06\/ing1.jpg\" \/>\n\t<meta property=\"og:image:width\" content=\"850\" \/>\n\t<meta property=\"og:image:height\" content=\"560\" \/>\n\t<meta property=\"og:image:type\" content=\"image\/jpeg\" \/>\n<meta name=\"twitter:card\" content=\"summary_large_image\" \/>\n<meta name=\"twitter:label1\" content=\"Tiempo de lectura\" \/>\n\t<meta name=\"twitter:data1\" content=\"3 minutos\" \/>\n<script type=\"application\/ld+json\" class=\"yoast-schema-graph\">{\"@context\":\"https:\/\/schema.org\",\"@graph\":[{\"@type\":\"WebPage\",\"@id\":\"https:\/\/bodegascozar.es\/\",\"url\":\"https:\/\/bodegascozar.es\/\",\"name\":\"- Bodegas C\u00f3zar\",\"isPartOf\":{\"@id\":\"https:\/\/bodegascozar.es\/#website\"},\"primaryImageOfPage\":{\"@id\":\"https:\/\/bodegascozar.es\/#primaryimage\"},\"image\":{\"@id\":\"https:\/\/bodegascozar.es\/#primaryimage\"},\"thumbnailUrl\":\"https:\/\/bodegascozar.es\/wp-content\/uploads\/2023\/09\/StockSnap_M6D1GS9PSL-1.jpg\",\"datePublished\":\"2023-09-06T15:58:18+00:00\",\"dateModified\":\"2024-06-10T17:57:32+00:00\",\"description\":\"Descubre la magia de cada cosecha en Bodegas C\u00f3zar. Vis\u00edtanos y vive una experiencia \u00fanica en el mundo del vino.\",\"inLanguage\":\"es\",\"potentialAction\":[{\"@type\":\"ReadAction\",\"target\":[\"https:\/\/bodegascozar.es\/\"]}]},{\"@type\":\"ImageObject\",\"inLanguage\":\"es\",\"@id\":\"https:\/\/bodegascozar.es\/#primaryimage\",\"url\":\"https:\/\/bodegascozar.es\/wp-content\/uploads\/2023\/09\/StockSnap_M6D1GS9PSL-1.jpg\",\"contentUrl\":\"https:\/\/bodegascozar.es\/wp-content\/uploads\/2023\/09\/StockSnap_M6D1GS9PSL-1.jpg\",\"width\":2000,\"height\":1317},{\"@type\":\"WebSite\",\"@id\":\"https:\/\/bodegascozar.es\/#website\",\"url\":\"https:\/\/bodegascozar.es\/\",\"name\":\"Bodegas C\u00f3zar\",\"description\":\"\",\"publisher\":{\"@id\":\"https:\/\/bodegascozar.es\/#organization\"},\"potentialAction\":[{\"@type\":\"SearchAction\",\"target\":{\"@type\":\"EntryPoint\",\"urlTemplate\":\"https:\/\/bodegascozar.es\/?s={search_term_string}\"},\"query-input\":\"required name=search_term_string\"}],\"inLanguage\":\"es\"},{\"@type\":\"Organization\",\"@id\":\"https:\/\/bodegascozar.es\/#organization\",\"name\":\"Bodegas C\u00f3zar\",\"url\":\"https:\/\/bodegascozar.es\/\",\"logo\":{\"@type\":\"ImageObject\",\"inLanguage\":\"es\",\"@id\":\"https:\/\/bodegascozar.es\/#\/schema\/logo\/image\/\",\"url\":\"https:\/\/bodegascozar.es\/wp-content\/uploads\/2023\/09\/cropped-logo1_2.png\",\"contentUrl\":\"https:\/\/bodegascozar.es\/wp-content\/uploads\/2023\/09\/cropped-logo1_2.png\",\"width\":218,\"height\":100,\"caption\":\"Bodegas C\u00f3zar\"},\"image\":{\"@id\":\"https:\/\/bodegascozar.es\/#\/schema\/logo\/image\/\"},\"sameAs\":[\"https:\/\/www.facebook.com\/profile.php?id=100057086575341\",\"https:\/\/www.instagram.com\/cozar_1837\/\"]}]}<\/script>\n<!-- \/ Yoast SEO plugin. -->","yoast_head_json":{"title":"- Bodegas C\u00f3zar","description":"Descubre la magia de cada cosecha en Bodegas C\u00f3zar. Vis\u00edtanos y vive una experiencia \u00fanica en el mundo del vino.","robots":{"index":"index","follow":"follow","max-snippet":"max-snippet:-1","max-image-preview":"max-image-preview:large","max-video-preview":"max-video-preview:-1"},"canonical":"https:\/\/bodegascozar.es\/","og_locale":"es_ES","og_type":"article","og_title":"- Bodegas C\u00f3zar","og_description":"Descubre la magia de cada cosecha en Bodegas C\u00f3zar. Vis\u00edtanos y vive una experiencia \u00fanica en el mundo del vino.","og_url":"https:\/\/bodegascozar.es\/","og_site_name":"Bodegas C\u00f3zar","article_publisher":"https:\/\/www.facebook.com\/profile.php?id=100057086575341","article_modified_time":"2024-06-10T17:57:32+00:00","og_image":[{"width":850,"height":560,"url":"http:\/\/bodegascozar.es\/wp-content\/uploads\/2024\/06\/ing1.jpg","type":"image\/jpeg"}],"twitter_card":"summary_large_image","twitter_misc":{"Tiempo de lectura":"3 minutos"},"schema":{"@context":"https:\/\/schema.org","@graph":[{"@type":"WebPage","@id":"https:\/\/bodegascozar.es\/","url":"https:\/\/bodegascozar.es\/","name":"- Bodegas C\u00f3zar","isPartOf":{"@id":"https:\/\/bodegascozar.es\/#website"},"primaryImageOfPage":{"@id":"https:\/\/bodegascozar.es\/#primaryimage"},"image":{"@id":"https:\/\/bodegascozar.es\/#primaryimage"},"thumbnailUrl":"https:\/\/bodegascozar.es\/wp-content\/uploads\/2023\/09\/StockSnap_M6D1GS9PSL-1.jpg","datePublished":"2023-09-06T15:58:18+00:00","dateModified":"2024-06-10T17:57:32+00:00","description":"Descubre la magia de cada cosecha en Bodegas C\u00f3zar. Vis\u00edtanos y vive una experiencia \u00fanica en el mundo del vino.","inLanguage":"es","potentialAction":[{"@type":"ReadAction","target":["https:\/\/bodegascozar.es\/"]}]},{"@type":"ImageObject","inLanguage":"es","@id":"https:\/\/bodegascozar.es\/#primaryimage","url":"https:\/\/bodegascozar.es\/wp-content\/uploads\/2023\/09\/StockSnap_M6D1GS9PSL-1.jpg","contentUrl":"https:\/\/bodegascozar.es\/wp-content\/uploads\/2023\/09\/StockSnap_M6D1GS9PSL-1.jpg","width":2000,"height":1317},{"@type":"WebSite","@id":"https:\/\/bodegascozar.es\/#website","url":"https:\/\/bodegascozar.es\/","name":"Bodegas C\u00f3zar","description":"","publisher":{"@id":"https:\/\/bodegascozar.es\/#organization"},"potentialAction":[{"@type":"SearchAction","target":{"@type":"EntryPoint","urlTemplate":"https:\/\/bodegascozar.es\/?s={search_term_string}"},"query-input":"required name=search_term_string"}],"inLanguage":"es"},{"@type":"Organization","@id":"https:\/\/bodegascozar.es\/#organization","name":"Bodegas C\u00f3zar","url":"https:\/\/bodegascozar.es\/","logo":{"@type":"ImageObject","inLanguage":"es","@id":"https:\/\/bodegascozar.es\/#\/schema\/logo\/image\/","url":"https:\/\/bodegascozar.es\/wp-content\/uploads\/2023\/09\/cropped-logo1_2.png","contentUrl":"https:\/\/bodegascozar.es\/wp-content\/uploads\/2023\/09\/cropped-logo1_2.png","width":218,"height":100,"caption":"Bodegas C\u00f3zar"},"image":{"@id":"https:\/\/bodegascozar.es\/#\/schema\/logo\/image\/"},"sameAs":["https:\/\/www.facebook.com\/profile.php?id=100057086575341","https:\/\/www.instagram.com\/cozar_1837\/"]}]}},"_links":{"self":[{"href":"https:\/\/bodegascozar.es\/index.php?rest_route=\/wp\/v2\/pages\/22"}],"collection":[{"href":"https:\/\/bodegascozar.es\/index.php?rest_route=\/wp\/v2\/pages"}],"about":[{"href":"https:\/\/bodegascozar.es\/index.php?rest_route=\/wp\/v2\/types\/page"}],"author":[{"embeddable":true,"href":"https:\/\/bodegascozar.es\/index.php?rest_route=\/wp\/v2\/users\/1"}],"replies":[{"embeddable":true,"href":"https:\/\/bodegascozar.es\/index.php?rest_route=%2Fwp%2Fv2%2Fcomments&post=22"}],"version-history":[{"count":15,"href":"https:\/\/bodegascozar.es\/index.php?rest_route=\/wp\/v2\/pages\/22\/revisions"}],"predecessor-version":[{"id":150,"href":"https:\/\/bodegascozar.es\/index.php?rest_route=\/wp\/v2\/pages\/22\/revisions\/150"}],"wp:featuredmedia":[{"embeddable":true,"href":"https:\/\/bodegascozar.es\/index.php?rest_route=\/wp\/v2\/media\/21"}],"wp:attachment":[{"href":"https:\/\/bodegascozar.es\/index.php?rest_route=%2Fwp%2Fv2%2Fmedia&parent=22"}],"curies":[{"name":"wp","href":"https:\/\/api.w.org\/{rel}","templated":true}]}}